{"id":4400,"date":"2021-10-12T15:51:09","date_gmt":"2021-10-12T15:51:09","guid":{"rendered":"http:\/\/dummy.xtemos.com\/woodmart2\/elementor\/?page_id=4400"},"modified":"2025-08-27T19:41:45","modified_gmt":"2025-08-27T19:41:45","slug":"about-us-3","status":"publish","type":"page","link":"http:\/\/www.2mcwerbung.com\/tr_tr\/about-us-3\/","title":{"rendered":"About us"},"content":{"rendered":"\t\t<div data-elementor-type=\"wp-page\" data-elementor-id=\"4400\" class=\"elementor elementor-4400\" data-elementor-post-type=\"page\">\n\t\t\t\t<div class=\"elementor-element elementor-element-7c7c544 e-con-full e-flex e-con e-parent\" data-id=\"7c7c544\" data-element_type=\"container\" data-settings=\"{&quot;background_background&quot;:&quot;gradient&quot;}\">\n\t\t<div class=\"elementor-element elementor-element-e7cb5cd e-con-full e-flex e-con e-child\" data-id=\"e7cb5cd\" data-element_type=\"container\">\n\t\t\t\t<div class=\"elementor-element elementor-element-56aec39 elementor-widget elementor-widget-wd_image_or_svg\" data-id=\"56aec39\" data-element_type=\"widget\" data-widget_type=\"wd_image_or_svg.default\">\n\t\t\t\t<div class=\"elementor-widget-container\">\n\t\t\t\t\t\n\t\t<div class=\"wd-image text-left\">\n\t\t\t\t\t\t\t\t<img fetchpriority=\"high\" decoding=\"async\" width=\"1080\" height=\"1080\" src=\"https:\/\/www.2mcwerbung.com\/wp-content\/uploads\/2024\/06\/werbetechnik.jpg\" class=\"attachment-full size-full\" alt=\"\" srcset=\"https:\/\/www.2mcwerbung.com\/wp-content\/uploads\/2024\/06\/werbetechnik.jpg 1080w, https:\/\/www.2mcwerbung.com\/wp-content\/uploads\/2024\/06\/werbetechnik-430x430.jpg 430w, https:\/\/www.2mcwerbung.com\/wp-content\/uploads\/2024\/06\/werbetechnik-150x150.jpg 150w, https:\/\/www.2mcwerbung.com\/wp-content\/uploads\/2024\/06\/werbetechnik-700x700.jpg 700w, https:\/\/www.2mcwerbung.com\/wp-content\/uploads\/2024\/06\/werbetechnik-300x300.jpg 300w, https:\/\/www.2mcwerbung.com\/wp-content\/uploads\/2024\/06\/werbetechnik-800x800.jpg 800w, https:\/\/www.2mcwerbung.com\/wp-content\/uploads\/2024\/06\/werbetechnik-768x768.jpg 768w\" sizes=\"(max-width: 1080px) 100vw, 1080px\" \/>\t\t\t\t\t<\/div>\n\n\t\t\t\t\t\t<\/div>\n\t\t\t\t<\/div>\n\t\t\t\t<\/div>\n\t\t<div class=\"elementor-element elementor-element-9f41e63 e-con-full e-flex e-con e-child\" data-id=\"9f41e63\" data-element_type=\"container\">\n\t\t\t\t<div class=\"elementor-element elementor-element-98d830b elementor-widget__width-initial wd-width-100 elementor-widget elementor-widget-wd_title\" data-id=\"98d830b\" data-element_type=\"widget\" data-widget_type=\"wd_title.default\">\n\t\t\t\t<div class=\"elementor-widget-container\">\n\t\t\t\t\t\t\t<div class=\"title-wrapper set-mb-s reset-last-child wd-title-color-primary wd-title-style-default wd-title-size-large text-left\">\n\n\t\t\t\t\t\t\t<div class=\"title-subtitle subtitle-color-primary subtitle-style-default wd-fontsize-xs\">\n\t\t\t\t\t2MC Werbung: Markan\u0131z\u0131 Zirveye Ta\u015f\u0131yan \u00c7\u00f6z\u00fcmler \t\t\t\t<\/div>\n\t\t\t\n\t\t\t<div class=\"liner-continer\">\n\t\t\t\t<h4 class=\"woodmart-title-container title wd-fontsize-xxl\">Hakk\u0131m\u0131zda<\/h4> \n\t\t\t\t\t\t\t<\/div>\n\n\t\t\t\t\t<\/div>\n\t\t\t\t\t\t<\/div>\n\t\t\t\t<\/div>\n\t\t\t\t<div class=\"elementor-element elementor-element-66e47ad elementor-widget elementor-widget-wd_text_block\" data-id=\"66e47ad\" data-element_type=\"widget\" data-widget_type=\"wd_text_block.default\">\n\t\t\t\t<div class=\"elementor-widget-container\">\n\t\t\t\t\t\t\t<div class=\"wd-text-block reset-last-child text-left\">\n\t\t\t\n\t\t\t<p style=\"text-align: left;\"><strong>2MC Werbung<\/strong> olarak, markan\u0131z\u0131 zirveye ta\u015f\u0131yan yarat\u0131c\u0131 ve yenilik\u00e7i \u00e7\u00f6z\u00fcmler sunuyoruz. Amac\u0131m\u0131z, markan\u0131z\u0131n her y\u00f6n\u00fcn\u00fc profesyonelce y\u00f6netmek ve t\u00fcm reklam ihtiya\u00e7lar\u0131n\u0131z\u0131 kar\u015f\u0131lamak. Logonuzdan ba\u015flayarak kurumsal kimli\u011finizin her a\u015famas\u0131nda yan\u0131n\u0131zday\u0131z.<\/p>\n\t\t\t\t\t<\/div>\n\t\t\t\t\t\t<\/div>\n\t\t\t\t<\/div>\n\t\t\t\t<\/div>\n\t\t\t\t<\/div>\n\t\t<div class=\"elementor-element elementor-element-8b8b8f2 e-flex e-con-boxed e-con e-parent\" data-id=\"8b8b8f2\" data-element_type=\"container\">\n\t\t\t\t\t<div class=\"e-con-inner\">\n\t\t\t\t<div class=\"elementor-element elementor-element-68b2781 wd-width-100 elementor-widget elementor-widget-wd_title\" data-id=\"68b2781\" data-element_type=\"widget\" data-widget_type=\"wd_title.default\">\n\t\t\t\t<div class=\"elementor-widget-container\">\n\t\t\t\t\t\t\t<div class=\"title-wrapper set-mb-s reset-last-child wd-title-color-primary wd-title-style-default wd-title-size-large text-center\">\n\n\t\t\t\t\t\t\t<div class=\"title-subtitle subtitle-color-primary subtitle-style-default wd-fontsize-xs\">\n\t\t\t\t\tMarkan\u0131z\u0131 Zirveye Ta\u015f\u0131yan \u00c7\u00f6z\u00fcmler\t\t\t\t<\/div>\n\t\t\t\n\t\t\t<div class=\"liner-continer\">\n\t\t\t\t<h4 class=\"woodmart-title-container title wd-fontsize-xxl\">H\u0130ZMETLER\u0130M\u0130Z<\/h4> \n\t\t\t\t\t\t\t<\/div>\n\n\t\t\t\t\t<\/div>\n\t\t\t\t\t\t<\/div>\n\t\t\t\t<\/div>\n\t\t\t\t\t<\/div>\n\t\t\t\t<\/div>\n\t\t\t\t<section class=\"elementor-section elementor-top-section elementor-element elementor-element-1b6a492b elementor-section-content-top elementor-section-boxed elementor-section-height-default elementor-section-height-default\" data-id=\"1b6a492b\" data-element_type=\"section\">\n\t\t\t\t\t\t<div class=\"elementor-container elementor-column-gap-extended\">\n\t\t\t\t\t<div class=\"elementor-column elementor-col-33 elementor-top-column elementor-element elementor-element-1c649e91\" data-id=\"1c649e91\" data-element_type=\"column\">\n\t\t\t<div class=\"elementor-widget-wrap elementor-element-populated\">\n\t\t\t\t\t\t<div class=\"elementor-element elementor-element-6e07447e elementor-widget elementor-widget-wd_infobox\" data-id=\"6e07447e\" data-element_type=\"widget\" data-widget_type=\"wd_infobox.default\">\n\t\t\t\t<div class=\"elementor-widget-container\">\n\t\t\t\t\t\t\t<div class=\"info-box-wrapper\">\n\t\t\t<div class=\"wd-info-box text-center box-icon-align-top box-style-border color-scheme-\">\n\t\t\t\t\t\t\t\t\t<div class=\"box-icon-wrapper  box-with-icon box-icon-simple\">\n\t\t\t\t\t\t<div class=\"info-box-icon\">\n\t\t\t\t\t\t\t\t\t\t\t\t\t\t\t<img decoding=\"async\" width=\"250\" height=\"250\" data-src=\"https:\/\/www.2mcwerbung.com\/wp-content\/uploads\/2024\/06\/textile-250x250.jpg\" class=\"attachment-250x250 size-250x250 lazyload\" alt=\"\" data-srcset=\"https:\/\/www.2mcwerbung.com\/wp-content\/uploads\/2024\/06\/textile-250x250.jpg 250w, https:\/\/www.2mcwerbung.com\/wp-content\/uploads\/2024\/06\/textile-430x430.jpg 430w, https:\/\/www.2mcwerbung.com\/wp-content\/uploads\/2024\/06\/textile-150x150.jpg 150w, https:\/\/www.2mcwerbung.com\/wp-content\/uploads\/2024\/06\/textile-700x700.jpg 700w, https:\/\/www.2mcwerbung.com\/wp-content\/uploads\/2024\/06\/textile-300x300.jpg 300w, https:\/\/www.2mcwerbung.com\/wp-content\/uploads\/2024\/06\/textile-800x800.jpg 800w, https:\/\/www.2mcwerbung.com\/wp-content\/uploads\/2024\/06\/textile-768x768.jpg 768w, https:\/\/www.2mcwerbung.com\/wp-content\/uploads\/2024\/06\/textile-600x600.jpg 600w, https:\/\/www.2mcwerbung.com\/wp-content\/uploads\/2024\/06\/textile-60x60.jpg 60w, https:\/\/www.2mcwerbung.com\/wp-content\/uploads\/2024\/06\/textile.jpg 1080w\" data-sizes=\"(max-width: 250px) 100vw, 250px\" src=\"data:image\/svg+xml;base64,PHN2ZyB3aWR0aD0iMSIgaGVpZ2h0PSIxIiB4bWxucz0iaHR0cDovL3d3dy53My5vcmcvMjAwMC9zdmciPjwvc3ZnPg==\" style=\"--smush-placeholder-width: 250px; --smush-placeholder-aspect-ratio: 250\/250;\" \/>\t\t\t\t\t\t\t\t\t\t\t\t\t<\/div>\n\t\t\t\t\t<\/div>\n\t\t\t\t\n\t\t\t\t<div class=\"info-box-content\">\n\t\t\t\t\t\n\t\t\t\t\t\t\t\t\t\t\t<h4\t\t\t\t\t\tclass=\"info-box-title title box-title-style-default wd-fontsize-m\" data-elementor-setting-key=\"title\">\n\t\t\t\t\t\t\t\tFirman\u0131za \u00d6zel K\u0131yafetler\t\t\t\t\t\t<\/h4>\n\t\t\t\t\t\n\t\t\t\t\t<div class=\"info-box-inner set-cont-mb-s reset-last-child\"data-elementor-setting-key=\"content\"><p>Markan\u0131za uygun, y\u00fcksek kaliteli k\u0131yafet tasar\u0131mlar\u0131 ve bask\u0131lar\u0131 ile personelinizi ve promosyon kampanyalar\u0131n\u0131z\u0131 destekliyoruz. Firman\u0131z\u0131n kimli\u011fini yans\u0131tan ti\u015f\u00f6rtler, g\u00f6mlekler ve di\u011fer giysilerle profesyonel bir<\/p>\n<\/div>\n\n\t\t\t\t\t\t\t\t\t<\/div>\n\n\t\t\t\t\t\t\t\t\t<a href=\"#\" class=\"wd-info-box-link wd-fill\" aria-label=\"Infobox link\"><\/a>\n\t\t\t\t\t\t\t<\/div>\n\t\t<\/div>\n\t\t\t\t\t\t<\/div>\n\t\t\t\t<\/div>\n\t\t\t\t\t<\/div>\n\t\t<\/div>\n\t\t\t\t<div class=\"elementor-column elementor-col-33 elementor-top-column elementor-element elementor-element-c075900\" data-id=\"c075900\" data-element_type=\"column\">\n\t\t\t<div class=\"elementor-widget-wrap elementor-element-populated\">\n\t\t\t\t\t\t<div class=\"elementor-element elementor-element-f152de0 elementor-widget elementor-widget-wd_infobox\" data-id=\"f152de0\" data-element_type=\"widget\" data-widget_type=\"wd_infobox.default\">\n\t\t\t\t<div class=\"elementor-widget-container\">\n\t\t\t\t\t\t\t<div class=\"info-box-wrapper\">\n\t\t\t<div class=\"wd-info-box text-center box-icon-align-top box-style-border color-scheme-\">\n\t\t\t\t\n\t\t\t\t<div class=\"info-box-content\">\n\t\t\t\t\t\n\t\t\t\t\t\t\t\t\t\t\t<h4\t\t\t\t\t\tclass=\"info-box-title title box-title-style-default wd-fontsize-m\" data-elementor-setting-key=\"title\">\n\t\t\t\t\t\t\t\tTabela ve \u0130\u00e7 Dekorasyon\t\t\t\t\t\t<\/h4>\n\t\t\t\t\t\n\t\t\t\t\t<div class=\"info-box-inner set-cont-mb-s reset-last-child\"data-elementor-setting-key=\"content\"><p>\u015eirketinizin d\u0131\u015f g\u00f6r\u00fcn\u00fcm\u00fcn\u00fc ve i\u00e7 mekanlar\u0131n\u0131, markan\u0131z\u0131 en iyi \u015fekilde yans\u0131tacak \u015fekilde tasarl\u0131yor ve uyguluyoruz. Ofis, ma\u011faza veya fuar alanlar\u0131n\u0131z i\u00e7in dikkat \u00e7ekici ve i\u015flevsel \u00e7\u00f6z\u00fcmler sunuyoruz.<\/p>\n<\/div>\n\n\t\t\t\t\t\t\t\t\t<\/div>\n\n\t\t\t\t\t\t\t\t\t<a href=\"#\" class=\"wd-info-box-link wd-fill\" aria-label=\"Infobox link\"><\/a>\n\t\t\t\t\t\t\t<\/div>\n\t\t<\/div>\n\t\t\t\t\t\t<\/div>\n\t\t\t\t<\/div>\n\t\t\t\t\t<\/div>\n\t\t<\/div>\n\t\t\t\t<div class=\"elementor-column elementor-col-33 elementor-top-column elementor-element elementor-element-6c238f2\" data-id=\"6c238f2\" data-element_type=\"column\">\n\t\t\t<div class=\"elementor-widget-wrap elementor-element-populated\">\n\t\t\t\t\t\t<div class=\"elementor-element elementor-element-f2d84b8 elementor-widget elementor-widget-wd_infobox\" data-id=\"f2d84b8\" data-element_type=\"widget\" data-widget_type=\"wd_infobox.default\">\n\t\t\t\t<div class=\"elementor-widget-container\">\n\t\t\t\t\t\t\t<div class=\"info-box-wrapper\">\n\t\t\t<div class=\"wd-info-box text-center box-icon-align-top box-style-border color-scheme-\">\n\t\t\t\t\n\t\t\t\t<div class=\"info-box-content\">\n\t\t\t\t\t\n\t\t\t\t\t\t\t\t\t\t\t<h4\t\t\t\t\t\tclass=\"info-box-title title box-title-style-default wd-fontsize-m\" data-elementor-setting-key=\"title\">\n\t\t\t\t\t\t\t\tSosyal Medya Stratejileri\t\t\t\t\t\t<\/h4>\n\t\t\t\t\t\n\t\t\t\t\t<div class=\"info-box-inner set-cont-mb-s reset-last-child\"data-elementor-setting-key=\"content\"><p>Hedef kitlenize en etkili \u015fekilde ula\u015fman\u0131z\u0131 sa\u011flayacak sosyal medya stratejileri geli\u015ftiriyoruz. \u0130\u00e7erik planlama, y\u00f6netim ve analiz hizmetleri ile markan\u0131z\u0131n dijital d\u00fcnyada g\u00fc\u00e7l\u00fc bir varl\u0131k g\u00f6stermesini sa\u011fl\u0131yoruz.<\/p>\n<\/div>\n\n\t\t\t\t\t\t\t\t\t<\/div>\n\n\t\t\t\t\t\t\t\t\t<a href=\"#\" class=\"wd-info-box-link wd-fill\" aria-label=\"Infobox link\"><\/a>\n\t\t\t\t\t\t\t<\/div>\n\t\t<\/div>\n\t\t\t\t\t\t<\/div>\n\t\t\t\t<\/div>\n\t\t\t\t\t<\/div>\n\t\t<\/div>\n\t\t\t\t\t<\/div>\n\t\t<\/section>\n\t\t\t\t<section class=\"elementor-section elementor-top-section elementor-element elementor-element-6959f93 elementor-section-content-top elementor-section-boxed elementor-section-height-default elementor-section-height-default\" data-id=\"6959f93\" data-element_type=\"section\">\n\t\t\t\t\t\t<div class=\"elementor-container elementor-column-gap-extended\">\n\t\t\t\t\t<div class=\"elementor-column elementor-col-33 elementor-top-column elementor-element elementor-element-698d2bb\" data-id=\"698d2bb\" data-element_type=\"column\">\n\t\t\t<div class=\"elementor-widget-wrap elementor-element-populated\">\n\t\t\t\t\t\t<div class=\"elementor-element elementor-element-fd41bdf elementor-widget elementor-widget-wd_infobox\" data-id=\"fd41bdf\" data-element_type=\"widget\" data-widget_type=\"wd_infobox.default\">\n\t\t\t\t<div class=\"elementor-widget-container\">\n\t\t\t\t\t\t\t<div class=\"info-box-wrapper\">\n\t\t\t<div class=\"wd-info-box text-center box-icon-align-top box-style-border color-scheme-\">\n\t\t\t\t\t\t\t\t\t<div class=\"box-icon-wrapper  box-with-icon box-icon-simple\">\n\t\t\t\t\t\t<div class=\"info-box-icon\">\n\t\t\t\t\t\t\t\t\t\t\t\t\t\t\t<img decoding=\"async\" width=\"250\" height=\"250\" data-src=\"https:\/\/www.2mcwerbung.com\/wp-content\/uploads\/2024\/06\/packung-1-250x250.jpg\" class=\"attachment-250x250 size-250x250 lazyload\" alt=\"\" data-srcset=\"https:\/\/www.2mcwerbung.com\/wp-content\/uploads\/2024\/06\/packung-1-250x250.jpg 250w, https:\/\/www.2mcwerbung.com\/wp-content\/uploads\/2024\/06\/packung-1-430x430.jpg 430w, https:\/\/www.2mcwerbung.com\/wp-content\/uploads\/2024\/06\/packung-1-150x150.jpg 150w, https:\/\/www.2mcwerbung.com\/wp-content\/uploads\/2024\/06\/packung-1-700x700.jpg 700w, https:\/\/www.2mcwerbung.com\/wp-content\/uploads\/2024\/06\/packung-1-300x300.jpg 300w, https:\/\/www.2mcwerbung.com\/wp-content\/uploads\/2024\/06\/packung-1-800x800.jpg 800w, https:\/\/www.2mcwerbung.com\/wp-content\/uploads\/2024\/06\/packung-1-768x768.jpg 768w, https:\/\/www.2mcwerbung.com\/wp-content\/uploads\/2024\/06\/packung-1.jpg 1080w\" data-sizes=\"(max-width: 250px) 100vw, 250px\" src=\"data:image\/svg+xml;base64,PHN2ZyB3aWR0aD0iMSIgaGVpZ2h0PSIxIiB4bWxucz0iaHR0cDovL3d3dy53My5vcmcvMjAwMC9zdmciPjwvc3ZnPg==\" style=\"--smush-placeholder-width: 250px; --smush-placeholder-aspect-ratio: 250\/250;\" \/>\t\t\t\t\t\t\t\t\t\t\t\t\t<\/div>\n\t\t\t\t\t<\/div>\n\t\t\t\t\n\t\t\t\t<div class=\"info-box-content\">\n\t\t\t\t\t\n\t\t\t\t\t\t\t\t\t\t\t<h4\t\t\t\t\t\tclass=\"info-box-title title box-title-style-default wd-fontsize-m\" data-elementor-setting-key=\"title\">\n\t\t\t\t\t\t\t\t\tBask\u0131l\u0131 Ambalaj \u00dcr\u00fcnleri\t\t\t\t\t\t<\/h4>\n\t\t\t\t\t\n\t\t\t\t\t<div class=\"info-box-inner set-cont-mb-s reset-last-child\"data-elementor-setting-key=\"content\"><p>\u00dcr\u00fcnlerinizin ambalajlar\u0131n\u0131 \u00f6zg\u00fcn tasar\u0131mlar ve y\u00fcksek kaliteli bask\u0131larla haz\u0131rl\u0131yoruz. Marka kimli\u011finizi yans\u0131tan ve m\u00fc\u015fteri deneyimini art\u0131ran ambalaj \u00e7\u00f6z\u00fcmleri sunuyoruz.<\/p>\n<\/div>\n\n\t\t\t\t\t\t\t\t\t<\/div>\n\n\t\t\t\t\t\t\t\t\t<a href=\"#\" class=\"wd-info-box-link wd-fill\" aria-label=\"Infobox link\"><\/a>\n\t\t\t\t\t\t\t<\/div>\n\t\t<\/div>\n\t\t\t\t\t\t<\/div>\n\t\t\t\t<\/div>\n\t\t\t\t\t<\/div>\n\t\t<\/div>\n\t\t\t\t<div class=\"elementor-column elementor-col-33 elementor-top-column elementor-element elementor-element-b3ed444\" data-id=\"b3ed444\" data-element_type=\"column\">\n\t\t\t<div class=\"elementor-widget-wrap elementor-element-populated\">\n\t\t\t\t\t\t<div class=\"elementor-element elementor-element-3d3c32e elementor-widget elementor-widget-wd_infobox\" data-id=\"3d3c32e\" data-element_type=\"widget\" data-widget_type=\"wd_infobox.default\">\n\t\t\t\t<div class=\"elementor-widget-container\">\n\t\t\t\t\t\t\t<div class=\"info-box-wrapper\">\n\t\t\t<div class=\"wd-info-box text-center box-icon-align-top box-style-border color-scheme-\">\n\t\t\t\t\n\t\t\t\t<div class=\"info-box-content\">\n\t\t\t\t\t\n\t\t\t\t\t\t\t\t\t\t\t<h4\t\t\t\t\t\tclass=\"info-box-title title box-title-style-default wd-fontsize-m\" data-elementor-setting-key=\"title\">\n\t\t\t\t\t\t\t\t\tPromosyon \u00dcr\u00fcnleri\t\t\t\t\t\t<\/h4>\n\t\t\t\t\t\n\t\t\t\t\t<div class=\"info-box-inner set-cont-mb-s reset-last-child\"data-elementor-setting-key=\"content\"><p>Markan\u0131z\u0131 tan\u0131tmak i\u00e7in \u00f6zel olarak tasarlanm\u0131\u015f promosyon \u00fcr\u00fcnleri sunuyoruz. Kalemler, defterler, kupalar ve daha fazlas\u0131 ile hedef kitlenizde kal\u0131c\u0131 bir izlenim b\u0131rak\u0131n.<\/p>\n<\/div>\n\n\t\t\t\t\t\t\t\t\t<\/div>\n\n\t\t\t\t\t\t\t\t\t<a href=\"#\" class=\"wd-info-box-link wd-fill\" aria-label=\"Infobox link\"><\/a>\n\t\t\t\t\t\t\t<\/div>\n\t\t<\/div>\n\t\t\t\t\t\t<\/div>\n\t\t\t\t<\/div>\n\t\t\t\t\t<\/div>\n\t\t<\/div>\n\t\t\t\t<div class=\"elementor-column elementor-col-33 elementor-top-column elementor-element elementor-element-aac8704\" data-id=\"aac8704\" data-element_type=\"column\">\n\t\t\t<div class=\"elementor-widget-wrap elementor-element-populated\">\n\t\t\t\t\t\t<div class=\"elementor-element elementor-element-0f37353 elementor-widget elementor-widget-wd_infobox\" data-id=\"0f37353\" data-element_type=\"widget\" data-widget_type=\"wd_infobox.default\">\n\t\t\t\t<div class=\"elementor-widget-container\">\n\t\t\t\t\t\t\t<div class=\"info-box-wrapper\">\n\t\t\t<div class=\"wd-info-box text-center box-icon-align-top box-style-border color-scheme-\">\n\t\t\t\t\n\t\t\t\t<div class=\"info-box-content\">\n\t\t\t\t\t\n\t\t\t\t\t\t\t\t\t\t\t<h4\t\t\t\t\t\tclass=\"info-box-title title box-title-style-default wd-fontsize-m\" data-elementor-setting-key=\"title\">\n\t\t\t\t\t\t\t\tVideo ve Foto\u011fraf Prod\u00fcksiyonu\t\t\t\t\t\t<\/h4>\n\t\t\t\t\t\n\t\t\t\t\t<div class=\"info-box-inner set-cont-mb-s reset-last-child\"data-elementor-setting-key=\"content\"><p>Profesyonel video ve foto\u011fraf \u00e7ekimleri ile markan\u0131z\u0131n hikayesini en etkili \u015fekilde anlat\u0131n. Tan\u0131t\u0131m videolar\u0131, \u00fcr\u00fcn foto\u011fraflar\u0131 ve etkinlik \u00e7ekimleri ile g\u00f6rsel i\u00e7eriklerinizi g\u00fc\u00e7lendirin.<\/p>\n<\/div>\n\n\t\t\t\t\t\t\t\t\t<\/div>\n\n\t\t\t\t\t\t\t\t\t<a href=\"#\" class=\"wd-info-box-link wd-fill\" aria-label=\"Infobox link\"><\/a>\n\t\t\t\t\t\t\t<\/div>\n\t\t<\/div>\n\t\t\t\t\t\t<\/div>\n\t\t\t\t<\/div>\n\t\t\t\t\t<\/div>\n\t\t<\/div>\n\t\t\t\t\t<\/div>\n\t\t<\/section>\n\t\t\t\t<\/div>\n\t\t","protected":false},"excerpt":{"rendered":"<p>2MC Werbung: Markan\u0131z\u0131 Zirveye Ta\u015f\u0131yan \u00c7\u00f6z\u00fcmler Hakk\u0131m\u0131zda 2MC Werbung olarak, markan\u0131z\u0131 zirveye ta\u015f\u0131yan yarat\u0131c\u0131 ve yenilik\u00e7i \u00e7\u00f6z\u00fcmler sunuyoruz. Amac\u0131m\u0131z, markan\u0131z\u0131n<\/p>\n","protected":false},"author":1,"featured_media":0,"parent":0,"menu_order":0,"comment_status":"closed","ping_status":"closed","template":"","meta":{"footnotes":""},"class_list":["post-4400","page","type-page","status-publish","hentry"],"_links":{"self":[{"href":"http:\/\/www.2mcwerbung.com\/tr_tr\/wp-json\/wp\/v2\/pages\/4400","targetHints":{"allow":["GET"]}}],"collection":[{"href":"http:\/\/www.2mcwerbung.com\/tr_tr\/wp-json\/wp\/v2\/pages"}],"about":[{"href":"http:\/\/www.2mcwerbung.com\/tr_tr\/wp-json\/wp\/v2\/types\/page"}],"author":[{"embeddable":true,"href":"http:\/\/www.2mcwerbung.com\/tr_tr\/wp-json\/wp\/v2\/users\/1"}],"replies":[{"embeddable":true,"href":"http:\/\/www.2mcwerbung.com\/tr_tr\/wp-json\/wp\/v2\/comments?post=4400"}],"version-history":[{"count":21,"href":"http:\/\/www.2mcwerbung.com\/tr_tr\/wp-json\/wp\/v2\/pages\/4400\/revisions"}],"predecessor-version":[{"id":17014,"href":"http:\/\/www.2mcwerbung.com\/tr_tr\/wp-json\/wp\/v2\/pages\/4400\/revisions\/17014"}],"wp:attachment":[{"href":"http:\/\/www.2mcwerbung.com\/tr_tr\/wp-json\/wp\/v2\/media?parent=4400"}],"curies":[{"name":"wp","href":"https:\/\/api.w.org\/{rel}","templated":true}]}}