{"id":16189,"date":"2025-08-16T23:25:22","date_gmt":"2025-08-16T23:25:22","guid":{"rendered":"https:\/\/www.2mcwerbung.com\/?post_type=product&#038;p=16189"},"modified":"2025-09-15T12:47:41","modified_gmt":"2025-09-15T12:47:41","slug":"erfrischungstucher","status":"publish","type":"product","link":"http:\/\/www.2mcwerbung.com\/tr_tr\/urun\/erfrischungstucher\/","title":{"rendered":"Islak Mendil"},"content":{"rendered":"<p data-start=\"93\" data-end=\"157\"><strong data-start=\"93\" data-end=\"105\">Malzeme:<\/strong> Yumu\u015fak dokulu, hijyenik ve cilt dostu \u00f6zel kuma\u015f<\/p>\n<p data-start=\"160\" data-end=\"221\"><strong data-start=\"160\" data-end=\"171\">\u0130\u00e7erik:<\/strong> Alkols\u00fcz veya antibakteriyel katk\u0131l\u0131 se\u00e7enekler<\/p>\n<p data-start=\"224\" data-end=\"280\"><strong data-start=\"224\" data-end=\"236\">Ambalaj:<\/strong> Tekli paket \u2014 markan\u0131za \u00f6zel bask\u0131 imk\u00e2n\u0131<\/p>\n<p data-start=\"283\" data-end=\"322\"><strong data-start=\"283\" data-end=\"295\">\u00d6l\u00e7\u00fcler:<\/strong> Farkl\u0131 se\u00e7enekler mevcut<\/p>\n<p data-start=\"325\" data-end=\"355\"><strong data-start=\"325\" data-end=\"343\">Teslim S\u00fcresi:<\/strong> 4\u20136 hafta<\/p>\n<p data-start=\"358\" data-end=\"398\"><strong data-start=\"358\" data-end=\"384\">Minimum Sipari\u015f Adedi:<\/strong> 10.000 adet<\/p>\n","protected":false},"excerpt":{"rendered":"<p data-start=\"163\" data-end=\"206\">Hijyenik. Pratik. Markan\u0131za \u00d6zel.<br data-start=\"464\" data-end=\"467\" \/>K\u00fc\u00e7\u00fck ama etkili bir detay: Islak mendiller, ister yolculukta, ister restoranlarda, ister etkinliklerde her zaman kullan\u0131m kolayl\u0131\u011f\u0131 sunar.<br data-start=\"606\" data-end=\"609\" \/>Markan\u0131za \u00f6zel bask\u0131 se\u00e7enekleriyle, her kullan\u0131mda m\u00fc\u015fterilerinize hijyen sa\u011flarken ayn\u0131 zamanda marka bilinirli\u011finizi g\u00fc\u00e7lendirirsiniz.<\/p>\n<p data-start=\"163\" data-end=\"206\"><em><strong>G\u00fc\u00e7l\u00fc markalar, hijyenle de\u011fer katar.<\/strong><\/em><\/p>\n","protected":false},"featured_media":16859,"comment_status":"open","ping_status":"closed","template":"","meta":[],"product_brand":[],"product_cat":[20],"product_tag":[117,120,114],"class_list":{"0":"post-16189","1":"product","2":"type-product","3":"status-publish","4":"has-post-thumbnail","6":"product_cat-packung","7":"product_tag-amabalaj","8":"product_tag-islak-mendil","9":"product_tag-reklam","11":"first","12":"instock","13":"shipping-taxable","14":"product-type-simple"},"_links":{"self":[{"href":"http:\/\/www.2mcwerbung.com\/tr_tr\/wp-json\/wp\/v2\/product\/16189","targetHints":{"allow":["GET"]}}],"collection":[{"href":"http:\/\/www.2mcwerbung.com\/tr_tr\/wp-json\/wp\/v2\/product"}],"about":[{"href":"http:\/\/www.2mcwerbung.com\/tr_tr\/wp-json\/wp\/v2\/types\/product"}],"replies":[{"embeddable":true,"href":"http:\/\/www.2mcwerbung.com\/tr_tr\/wp-json\/wp\/v2\/comments?post=16189"}],"version-history":[{"count":6,"href":"http:\/\/www.2mcwerbung.com\/tr_tr\/wp-json\/wp\/v2\/product\/16189\/revisions"}],"predecessor-version":[{"id":17051,"href":"http:\/\/www.2mcwerbung.com\/tr_tr\/wp-json\/wp\/v2\/product\/16189\/revisions\/17051"}],"wp:featuredmedia":[{"embeddable":true,"href":"http:\/\/www.2mcwerbung.com\/tr_tr\/wp-json\/wp\/v2\/media\/16859"}],"wp:attachment":[{"href":"http:\/\/www.2mcwerbung.com\/tr_tr\/wp-json\/wp\/v2\/media?parent=16189"}],"wp:term":[{"taxonomy":"product_brand","embeddable":true,"href":"http:\/\/www.2mcwerbung.com\/tr_tr\/wp-json\/wp\/v2\/product_brand?post=16189"},{"taxonomy":"product_cat","embeddable":true,"href":"http:\/\/www.2mcwerbung.com\/tr_tr\/wp-json\/wp\/v2\/product_cat?post=16189"},{"taxonomy":"product_tag","embeddable":true,"href":"http:\/\/www.2mcwerbung.com\/tr_tr\/wp-json\/wp\/v2\/product_tag?post=16189"}],"curies":[{"name":"wp","href":"https:\/\/api.w.org\/{rel}","templated":true}]}}