{"id":16192,"date":"2025-08-16T23:26:46","date_gmt":"2025-08-16T23:26:46","guid":{"rendered":"https:\/\/www.2mcwerbung.com\/?post_type=product&#038;p=16192"},"modified":"2025-09-15T14:14:06","modified_gmt":"2025-09-15T14:14:06","slug":"zuckersticks","status":"publish","type":"product","link":"http:\/\/www.2mcwerbung.com\/tr_tr\/urun\/zuckersticks\/","title":{"rendered":"\u015eeker Stickleri"},"content":{"rendered":"<p data-start=\"438\" data-end=\"480\"><span style=\"color: #000000;\"><strong data-start=\"438\" data-end=\"449\">\u0130\u00e7erik:<\/strong> Beyaz \u015feker veya esmer \u015feker<\/span><\/p>\n<p data-start=\"483\" data-end=\"527\"><span style=\"color: #000000;\"><strong data-start=\"483\" data-end=\"494\">Gramaj:<\/strong> 3 g \/ 4 g \/ 5 g (iste\u011fe ba\u011fl\u0131)<\/span><\/p>\n<p data-start=\"530\" data-end=\"583\"><span style=\"color: #000000;\"><strong data-start=\"530\" data-end=\"542\">Ambalaj:<\/strong> Tekli paket, farkl\u0131 format se\u00e7enekleri<\/span><\/p>\n<p data-start=\"586\" data-end=\"611\"><span style=\"color: #000000;\"><strong data-start=\"586\" data-end=\"596\">Bask\u0131:<\/strong> Logo bask\u0131s\u0131<\/span><\/p>\n<p data-start=\"614\" data-end=\"644\"><span style=\"color: #000000;\"><strong data-start=\"614\" data-end=\"632\">Teslim S\u00fcresi:<\/strong> 4\u20136 hafta<\/span><\/p>\n<p data-start=\"647\" data-end=\"687\"><span style=\"color: #000000;\"><strong data-start=\"647\" data-end=\"673\">Minimum Sipari\u015f Adedi:<\/strong> 10.000 adet<\/span><\/p>\n","protected":false},"excerpt":{"rendered":"<p><span style=\"color: #000000;\">Hijyenik. Pratik. Marka Odakl\u0131.<\/span><br data-start=\"126\" data-end=\"129\" \/><span style=\"color: #000000;\">S\u0131cak i\u00e7ecekler i\u00e7in ideal \u00e7\u00f6z\u00fcm: \u015eeker sticklerimiz hijyenik, kolay dozajlanabilir ve kafe, ofis ya da paket servis i\u00e7in m\u00fckemmeldir.<\/span><br data-start=\"263\" data-end=\"266\" \/><span style=\"color: #000000;\">Markan\u0131za \u00f6zel bask\u0131 ile her kullan\u0131mda k\u00fc\u00e7\u00fck ama etkili bir marka el\u00e7isine d\u00f6n\u00fc\u015f\u00fcr.<\/span><\/p>\n<p><span style=\"color: #000000;\"><em><strong>G\u00fc\u00e7l\u00fc markalar, her detayda ikna eder.<\/strong><\/em><\/span><\/p>\n<p>&nbsp;<\/p>\n","protected":false},"featured_media":16947,"comment_status":"open","ping_status":"closed","template":"","meta":[],"product_brand":[],"product_cat":[20],"product_tag":[115,114,131],"class_list":{"0":"post-16192","1":"product","2":"type-product","3":"status-publish","4":"has-post-thumbnail","6":"product_cat-packung","7":"product_tag-ambalaj","8":"product_tag-reklam","9":"product_tag-seker-stickleri","11":"first","12":"instock","13":"shipping-taxable","14":"product-type-simple"},"_links":{"self":[{"href":"http:\/\/www.2mcwerbung.com\/tr_tr\/wp-json\/wp\/v2\/product\/16192","targetHints":{"allow":["GET"]}}],"collection":[{"href":"http:\/\/www.2mcwerbung.com\/tr_tr\/wp-json\/wp\/v2\/product"}],"about":[{"href":"http:\/\/www.2mcwerbung.com\/tr_tr\/wp-json\/wp\/v2\/types\/product"}],"replies":[{"embeddable":true,"href":"http:\/\/www.2mcwerbung.com\/tr_tr\/wp-json\/wp\/v2\/comments?post=16192"}],"version-history":[{"count":6,"href":"http:\/\/www.2mcwerbung.com\/tr_tr\/wp-json\/wp\/v2\/product\/16192\/revisions"}],"predecessor-version":[{"id":17064,"href":"http:\/\/www.2mcwerbung.com\/tr_tr\/wp-json\/wp\/v2\/product\/16192\/revisions\/17064"}],"wp:featuredmedia":[{"embeddable":true,"href":"http:\/\/www.2mcwerbung.com\/tr_tr\/wp-json\/wp\/v2\/media\/16947"}],"wp:attachment":[{"href":"http:\/\/www.2mcwerbung.com\/tr_tr\/wp-json\/wp\/v2\/media?parent=16192"}],"wp:term":[{"taxonomy":"product_brand","embeddable":true,"href":"http:\/\/www.2mcwerbung.com\/tr_tr\/wp-json\/wp\/v2\/product_brand?post=16192"},{"taxonomy":"product_cat","embeddable":true,"href":"http:\/\/www.2mcwerbung.com\/tr_tr\/wp-json\/wp\/v2\/product_cat?post=16192"},{"taxonomy":"product_tag","embeddable":true,"href":"http:\/\/www.2mcwerbung.com\/tr_tr\/wp-json\/wp\/v2\/product_tag?post=16192"}],"curies":[{"name":"wp","href":"https:\/\/api.w.org\/{rel}","templated":true}]}}