{"id":16207,"date":"2025-08-16T23:37:17","date_gmt":"2025-08-16T23:37:17","guid":{"rendered":"https:\/\/www.2mcwerbung.com\/?post_type=product&#038;p=16207"},"modified":"2025-10-16T16:00:38","modified_gmt":"2025-10-16T16:00:38","slug":"rollup","status":"publish","type":"product","link":"http:\/\/www.2mcwerbung.com\/tr_tr\/urun\/rollup\/","title":{"rendered":"Rollup"},"content":{"rendered":"<p><strong>Sistem<\/strong>: Al\u00fcminyum kasetli roll-up<\/p>\n<p><strong>Bask\u0131 alan\u0131<\/strong>: Y\u00fckseklik 200 cm, \u00e7e\u015fitli geni\u015flikler se\u00e7ilebilir<\/p>\n<p><strong>Malzeme<\/strong>: \u0130ki a\u00e7\u0131labilir aya\u011f\u0131 olan sa\u011flam al\u00fcminyum g\u00f6vde; \u00e7e\u015fitli afi\u015f se\u00e7enekleri mevcuttur<\/p>\n<p><strong>Tasar\u0131m<\/strong>: Tasar\u0131m\u0131n\u0131za g\u00f6re ki\u015fiselle\u015ftirilmi\u015f<\/p>\n","protected":false},"excerpt":{"rendered":"<p>Esnek. Mobil, Etkileyici.<br \/>\nRoll-Up Banner, fuarlar, etkinlikler, giri\u015f alanlar\u0131 veya sat\u0131\u015f alanlar\u0131 i\u00e7in m\u00fckemmel bir yard\u0131mc\u0131d\u0131r.<br \/>\nH\u0131zl\u0131 kurulur, yerden tasarruf sa\u011flar ve marka motifinizle ki\u015fiselle\u015ftirilebilir.<br \/>\nMesaj\u0131n\u0131z\u0131 her yerde g\u00f6r\u00fcn\u00fcr k\u0131lmak i\u00e7in idealdir \u2014 \u015f\u0131k ve dikkat \u00e7ekici.<\/p>\n<p><em><strong>\u00c7\u00fcnk\u00fc g\u00fc\u00e7l\u00fc markalar her yerde etki yarat\u0131r.<\/strong><\/em><\/p>\n","protected":false},"featured_media":16931,"comment_status":"open","ping_status":"closed","template":"","meta":[],"product_brand":[],"product_cat":[32],"product_tag":[102,106,74],"class_list":{"0":"post-16207","1":"product","2":"type-product","3":"status-publish","4":"has-post-thumbnail","6":"product_cat-werbung","7":"product_tag-digital","8":"product_tag-rollup","9":"product_tag-werbung","11":"first","12":"instock","13":"shipping-taxable","14":"product-type-simple"},"_links":{"self":[{"href":"http:\/\/www.2mcwerbung.com\/tr_tr\/wp-json\/wp\/v2\/product\/16207","targetHints":{"allow":["GET"]}}],"collection":[{"href":"http:\/\/www.2mcwerbung.com\/tr_tr\/wp-json\/wp\/v2\/product"}],"about":[{"href":"http:\/\/www.2mcwerbung.com\/tr_tr\/wp-json\/wp\/v2\/types\/product"}],"replies":[{"embeddable":true,"href":"http:\/\/www.2mcwerbung.com\/tr_tr\/wp-json\/wp\/v2\/comments?post=16207"}],"version-history":[{"count":4,"href":"http:\/\/www.2mcwerbung.com\/tr_tr\/wp-json\/wp\/v2\/product\/16207\/revisions"}],"predecessor-version":[{"id":17141,"href":"http:\/\/www.2mcwerbung.com\/tr_tr\/wp-json\/wp\/v2\/product\/16207\/revisions\/17141"}],"wp:featuredmedia":[{"embeddable":true,"href":"http:\/\/www.2mcwerbung.com\/tr_tr\/wp-json\/wp\/v2\/media\/16931"}],"wp:attachment":[{"href":"http:\/\/www.2mcwerbung.com\/tr_tr\/wp-json\/wp\/v2\/media?parent=16207"}],"wp:term":[{"taxonomy":"product_brand","embeddable":true,"href":"http:\/\/www.2mcwerbung.com\/tr_tr\/wp-json\/wp\/v2\/product_brand?post=16207"},{"taxonomy":"product_cat","embeddable":true,"href":"http:\/\/www.2mcwerbung.com\/tr_tr\/wp-json\/wp\/v2\/product_cat?post=16207"},{"taxonomy":"product_tag","embeddable":true,"href":"http:\/\/www.2mcwerbung.com\/tr_tr\/wp-json\/wp\/v2\/product_tag?post=16207"}],"curies":[{"name":"wp","href":"https:\/\/api.w.org\/{rel}","templated":true}]}}