{"id":16138,"date":"2025-08-16T19:49:05","date_gmt":"2025-08-16T19:49:05","guid":{"rendered":"https:\/\/www.2mcwerbung.com\/?post_type=product&#038;p=16138"},"modified":"2025-10-24T13:10:47","modified_gmt":"2025-10-24T13:10:47","slug":"kochjacke","status":"publish","type":"product","link":"https:\/\/www.2mcwerbung.com\/de\/produkt\/kochjacke\/","title":{"rendered":"Kochjacke"},"content":{"rendered":"<p><strong>Schnitt:<\/strong>Unisex, Regular Fit<\/p>\n<p><strong>Gr\u00f6\u00dfen:<\/strong>S - 3XL<\/p>\n<p><strong>Personalisierung:<\/strong>Textildruck, Stick<\/p>\n<p>&nbsp;<\/p>","protected":false},"excerpt":{"rendered":"<p>Stil und Funktionalit\u00e4t f\u00fcr die K\u00fcche.<br \/>\nDiese Kochjacke wurde speziell f\u00fcr professionelle K\u00fcchen entwickelt \u2013 robust, atmungsaktiv und bequem.<br \/>\nOb in Gro\u00dfk\u00fcchen, Foodtrucks oder Showrooms \u2013 sie sorgen mit starker Markenorientierung f\u00fcr ein einheitliches Erscheinungsbild.<\/p>\n<p><em><strong>Weil starke Marken getragen werden.<\/strong><\/em><\/p>\n<p>&nbsp;<\/p>","protected":false},"featured_media":16763,"comment_status":"open","ping_status":"closed","template":"","meta":[],"product_brand":[],"product_cat":[29],"product_tag":[81,73,74],"class_list":{"0":"post-16138","1":"product","2":"type-product","3":"status-publish","4":"has-post-thumbnail","6":"product_cat-textil","7":"product_tag-kochjacke","8":"product_tag-textile","9":"product_tag-werbung","11":"first","12":"instock","13":"shipping-taxable","14":"product-type-simple"},"_links":{"self":[{"href":"https:\/\/www.2mcwerbung.com\/de\/wp-json\/wp\/v2\/product\/16138","targetHints":{"allow":["GET"]}}],"collection":[{"href":"https:\/\/www.2mcwerbung.com\/de\/wp-json\/wp\/v2\/product"}],"about":[{"href":"https:\/\/www.2mcwerbung.com\/de\/wp-json\/wp\/v2\/types\/product"}],"replies":[{"embeddable":true,"href":"https:\/\/www.2mcwerbung.com\/de\/wp-json\/wp\/v2\/comments?post=16138"}],"version-history":[{"count":7,"href":"https:\/\/www.2mcwerbung.com\/de\/wp-json\/wp\/v2\/product\/16138\/revisions"}],"predecessor-version":[{"id":17158,"href":"https:\/\/www.2mcwerbung.com\/de\/wp-json\/wp\/v2\/product\/16138\/revisions\/17158"}],"wp:featuredmedia":[{"embeddable":true,"href":"https:\/\/www.2mcwerbung.com\/de\/wp-json\/wp\/v2\/media\/16763"}],"wp:attachment":[{"href":"https:\/\/www.2mcwerbung.com\/de\/wp-json\/wp\/v2\/media?parent=16138"}],"wp:term":[{"taxonomy":"product_brand","embeddable":true,"href":"https:\/\/www.2mcwerbung.com\/de\/wp-json\/wp\/v2\/product_brand?post=16138"},{"taxonomy":"product_cat","embeddable":true,"href":"https:\/\/www.2mcwerbung.com\/de\/wp-json\/wp\/v2\/product_cat?post=16138"},{"taxonomy":"product_tag","embeddable":true,"href":"https:\/\/www.2mcwerbung.com\/de\/wp-json\/wp\/v2\/product_tag?post=16138"}],"curies":[{"name":"wp","href":"https:\/\/api.w.org\/{rel}","templated":true}]}}