{"id":16195,"date":"2025-08-16T23:29:06","date_gmt":"2025-08-16T23:29:06","guid":{"rendered":"https:\/\/www.2mcwerbung.com\/?post_type=product&#038;p=16195"},"modified":"2025-10-16T15:46:12","modified_gmt":"2025-10-16T15:46:12","slug":"hissflagge","status":"publish","type":"product","link":"https:\/\/www.2mcwerbung.com\/de\/produkt\/hissflagge\/","title":{"rendered":"Hissflagge"},"content":{"rendered":"<p><strong>Material:<\/strong>Wetterbest\u00e4ndiger Polyesterstoff<\/p>\n<p><strong>Formate:<\/strong>Vertikales oder horizontales Format<\/p>\n<p><strong>Design:<\/strong>Vollfl\u00e4chig<\/p>","protected":false},"excerpt":{"rendered":"<p>Auff\u00e4llig. Wetterbest\u00e4ndig. Markenstark.<br \/>\nUnsere Hissflaggen pr\u00e4sentieren Ihre Marke eindrucksvoll im Au\u00dfenbereich \u2013 ob vor dem Gesch\u00e4ft, auf Messen oder bei Veranstaltungen.<br \/>\nWetterbest\u00e4ndig, UV-best\u00e4ndig und in gew\u00fcnschten Gr\u00f6\u00dfen erh\u00e4ltlich \u2013 auf Wunsch auch mit individueller Bedruckung.<\/p>\n<p><em><strong>Starke Marken verdienen Sichtbarkeit.<\/strong><\/em><\/p>\n<p>&nbsp;<\/p>","protected":false},"featured_media":16938,"comment_status":"open","ping_status":"closed","template":"","meta":[],"product_brand":[],"product_cat":[32],"product_tag":[102,101,74],"class_list":{"0":"post-16195","1":"product","2":"type-product","3":"status-publish","4":"has-post-thumbnail","6":"product_cat-werbung","7":"product_tag-digital","8":"product_tag-hissflagge","9":"product_tag-werbung","11":"first","12":"instock","13":"shipping-taxable","14":"product-type-simple"},"_links":{"self":[{"href":"https:\/\/www.2mcwerbung.com\/de\/wp-json\/wp\/v2\/product\/16195","targetHints":{"allow":["GET"]}}],"collection":[{"href":"https:\/\/www.2mcwerbung.com\/de\/wp-json\/wp\/v2\/product"}],"about":[{"href":"https:\/\/www.2mcwerbung.com\/de\/wp-json\/wp\/v2\/types\/product"}],"replies":[{"embeddable":true,"href":"https:\/\/www.2mcwerbung.com\/de\/wp-json\/wp\/v2\/comments?post=16195"}],"version-history":[{"count":5,"href":"https:\/\/www.2mcwerbung.com\/de\/wp-json\/wp\/v2\/product\/16195\/revisions"}],"predecessor-version":[{"id":17136,"href":"https:\/\/www.2mcwerbung.com\/de\/wp-json\/wp\/v2\/product\/16195\/revisions\/17136"}],"wp:featuredmedia":[{"embeddable":true,"href":"https:\/\/www.2mcwerbung.com\/de\/wp-json\/wp\/v2\/media\/16938"}],"wp:attachment":[{"href":"https:\/\/www.2mcwerbung.com\/de\/wp-json\/wp\/v2\/media?parent=16195"}],"wp:term":[{"taxonomy":"product_brand","embeddable":true,"href":"https:\/\/www.2mcwerbung.com\/de\/wp-json\/wp\/v2\/product_brand?post=16195"},{"taxonomy":"product_cat","embeddable":true,"href":"https:\/\/www.2mcwerbung.com\/de\/wp-json\/wp\/v2\/product_cat?post=16195"},{"taxonomy":"product_tag","embeddable":true,"href":"https:\/\/www.2mcwerbung.com\/de\/wp-json\/wp\/v2\/product_tag?post=16195"}],"curies":[{"name":"wp","href":"https:\/\/api.w.org\/{rel}","templated":true}]}}